{"id":16,"date":"2022-08-01T11:14:19","date_gmt":"2022-08-01T11:14:19","guid":{"rendered":"http:\/\/www.despachanteoficial.pt\/site\/?page_id=16"},"modified":"2022-08-11T14:12:34","modified_gmt":"2022-08-11T14:12:34","slug":"servicos","status":"publish","type":"page","link":"https:\/\/www.despachanteoficial.pt\/site\/servicos\/","title":{"rendered":"Servi\u00e7os"},"content":{"rendered":"\n<h2 class=\"has-text-align-center\">Exporta\u00e7\u00e3o<\/h2>\n\n\n<div class=\"wp-block-image\">\n<figure class=\"aligncenter size-full\"><img loading=\"lazy\" width=\"300\" height=\"243\" src=\"https:\/\/www.despachanteoficial.pt\/site\/wp-content\/uploads\/2022\/08\/7-300x243-1.jpg\" alt=\"\" class=\"wp-image-54\"\/><\/figure><\/div>\n\n\n<p class=\"has-text-align-center\">Processamento de Declara\u00e7\u00f5es Aduaneiras de Exporta\u00e7\u00e3o<br>\u2022 Exporta\u00e7\u00e3o Definitiva<br>\u2022 Exporta\u00e7\u00e3o Tempor\u00e1ria<br>\u2022 Aperfei\u00e7oamento Passivo<br>\u2022 Reexporta\u00e7\u00e3o<br>\u2022 Impostos Especiais sobre o Consumo (IEC\u2019s)<br>\u2022 Documentos de Origem (EUR1, ATR e Certificados de Origem)<br>\u2022 Certificados Comprovativos de Exporta\u00e7\u00e3o (CCE\u2019s)<br>\u2022 Bagagens<\/p>\n\n\n\n<h2 class=\"has-text-align-center\">Importa\u00e7\u00e3o<\/h2>\n\n\n<div class=\"wp-block-image\">\n<figure class=\"aligncenter size-full\"><img loading=\"lazy\" width=\"300\" height=\"225\" src=\"https:\/\/www.despachanteoficial.pt\/site\/wp-content\/uploads\/2022\/08\/8-300x225-1.jpg\" alt=\"\" class=\"wp-image-55\"\/><\/figure><\/div>\n\n\n<p class=\"has-text-align-center\">Desalfandegamento de mercadorias provenientes de pa\u00edses fora da Comunidade Europeia<br>\u2022 Introdu\u00e7\u00e3o em livre pr\u00e1tica<br>\u2022 Aperfei\u00e7oamento ativo<br>\u2022 Entradas e sa\u00eddas de entreposto<br>\u2022 Retornos<br>\u2022 Bagagens<\/p>\n\n\n\n<h2 class=\"has-text-align-center\">Mar\u00edtimos<\/h2>\n\n\n<div class=\"wp-block-image\">\n<figure class=\"aligncenter size-full\"><img loading=\"lazy\" width=\"600\" height=\"199\" src=\"https:\/\/www.despachanteoficial.pt\/site\/wp-content\/uploads\/2022\/08\/maritimo.png\" alt=\"\" class=\"wp-image-59\" srcset=\"https:\/\/www.despachanteoficial.pt\/site\/wp-content\/uploads\/2022\/08\/maritimo.png 600w, https:\/\/www.despachanteoficial.pt\/site\/wp-content\/uploads\/2022\/08\/maritimo-300x100.png 300w\" sizes=\"(max-width: 600px) 100vw, 600px\" \/><\/figure><\/div>\n\n\n<p class=\"has-text-align-center\">Procedimento de todas as formalidades relativamente ao despacho aduaneiro de navios, desde a sua chegada at\u00e9 \u00e0 partida.<\/p>\n\n\n\n<p class=\"has-text-align-center\">\u2022 Desembara\u00e7o e despacho de largada do navio.<br>\u2022 Autoriza\u00e7\u00e3o de cargas Perigosas (IMO)<br>\u2022 Servi\u00e7os na Capitania<br>\u2022 Servi\u00e7os no SEF (Servi\u00e7os de Estrangeiros e Fronteiras)<br>\u2022 Servi\u00e7os na APDL \u2013 Administra\u00e7\u00e3o dos Porto do Douro e Leix\u00f5es.<br>\u2022 Entradas e sa\u00eddas de tripulantes ou passageiros<br>\u2022 Transporte e acompanhamento dos tripulantes ou passageiros<br>\u2022 Processamento do Despacho de mercadorias a bordo (Consumos de bordo)<br>\u2022 Harmoniza\u00e7\u00f5es da documenta\u00e7\u00e3o<br>\u2022 Pedidos de Reembarque<br>\u2022 Processamento de Notifica\u00e7\u00f5es<\/p>\n\n\n\n<h2 class=\"has-text-align-center\">Intrastat<\/h2>\n\n\n<div class=\"wp-block-image\">\n<figure class=\"aligncenter size-full\"><img loading=\"lazy\" width=\"300\" height=\"225\" src=\"https:\/\/www.despachanteoficial.pt\/site\/wp-content\/uploads\/2022\/08\/11-300x225-1.jpg\" alt=\"\" class=\"wp-image-60\"\/><\/figure><\/div>\n\n\n<p class=\"has-text-align-center\">Sistema de fornecimento de informa\u00e7\u00f5es estat\u00edsticas no que diz respeito \u00e0s expedi\u00e7\u00f5es e chegadas de mercadorias comunit\u00e1rias.<br>\u2022 Apoiamos os nossos clientes na obriga\u00e7\u00e3o legal de transmiss\u00e3o da informa\u00e7\u00e3o estat\u00edstica ao INE<\/p>\n\n\n\n<h2 class=\"has-text-align-center\">Consultoria Aduaneira<\/h2>\n\n\n<div class=\"wp-block-image\">\n<figure class=\"aligncenter size-full\"><img loading=\"lazy\" width=\"300\" height=\"200\" src=\"https:\/\/www.despachanteoficial.pt\/site\/wp-content\/uploads\/2022\/08\/12-300x200-1.jpg\" alt=\"\" class=\"wp-image-61\"\/><\/figure><\/div>\n\n\n<p class=\"has-text-align-center\">Consultoria aduaneira em mat\u00e9ria de Importa\u00e7\u00f5es e Exporta\u00e7\u00f5es de acordo com a legisla\u00e7\u00e3o consagrada no novo CAU \u2013 C\u00f3digo Aduaneiro da Uni\u00e3o<br>\u2022 Taxas e classifica\u00e7\u00f5es pautais<br>\u2022 Acordos preferenciais<br>\u2022 Contingentes pautais<br>\u2022 Direitos Anti dumping e de Compensa\u00e7\u00e3o<br>\u2022 Marca\u00e7\u00e3o de transportes internacionais<\/p>\n","protected":false},"excerpt":{"rendered":"<p>Exporta\u00e7\u00e3o Processamento de Declara\u00e7\u00f5es Aduaneiras de Exporta\u00e7\u00e3o\u2022 Exporta\u00e7\u00e3o Definitiva\u2022 Exporta\u00e7\u00e3o Tempor\u00e1ria\u2022 Aperfei\u00e7oamento Passivo\u2022 Reexporta\u00e7\u00e3o\u2022 Impostos Especiais sobre o Consumo (IEC\u2019s)\u2022 Documentos de Origem (EUR1, ATR e Certificados de Origem)\u2022 Certificados Comprovativos de Exporta\u00e7\u00e3o (CCE\u2019s)\u2022 Bagagens Importa\u00e7\u00e3o Desalfandegamento de mercadorias provenientes de pa\u00edses fora da Comunidade Europeia\u2022 Introdu\u00e7\u00e3o em livre pr\u00e1tica\u2022 Aperfei\u00e7oamento ativo\u2022 Entradas e sa\u00eddas<\/p>\n","protected":false},"author":1,"featured_media":0,"parent":0,"menu_order":0,"comment_status":"closed","ping_status":"closed","template":"page-fullwidth.php","meta":[],"_links":{"self":[{"href":"https:\/\/www.despachanteoficial.pt\/site\/wp-json\/wp\/v2\/pages\/16"}],"collection":[{"href":"https:\/\/www.despachanteoficial.pt\/site\/wp-json\/wp\/v2\/pages"}],"about":[{"href":"https:\/\/www.despachanteoficial.pt\/site\/wp-json\/wp\/v2\/types\/page"}],"author":[{"embeddable":true,"href":"https:\/\/www.despachanteoficial.pt\/site\/wp-json\/wp\/v2\/users\/1"}],"replies":[{"embeddable":true,"href":"https:\/\/www.despachanteoficial.pt\/site\/wp-json\/wp\/v2\/comments?post=16"}],"version-history":[{"count":4,"href":"https:\/\/www.despachanteoficial.pt\/site\/wp-json\/wp\/v2\/pages\/16\/revisions"}],"predecessor-version":[{"id":62,"href":"https:\/\/www.despachanteoficial.pt\/site\/wp-json\/wp\/v2\/pages\/16\/revisions\/62"}],"wp:attachment":[{"href":"https:\/\/www.despachanteoficial.pt\/site\/wp-json\/wp\/v2\/media?parent=16"}],"curies":[{"name":"wp","href":"https:\/\/api.w.org\/{rel}","templated":true}]}}